{"id":297,"date":"2025-08-27T07:58:22","date_gmt":"2025-08-27T07:58:22","guid":{"rendered":"https:\/\/junitaskincare.com\/?post_type=product&#038;p=297"},"modified":"2026-04-24T13:07:56","modified_gmt":"2026-04-24T13:07:56","slug":"caffeine-depuff-complex","status":"publish","type":"product","link":"https:\/\/junitaskincare.com\/fr\/product\/caffeine-depuff-complex\/","title":{"rendered":"Caf\u00e9ine Depuff Complex\u2122"},"content":{"rendered":"<p><strong>Caffeine Depuff Complex\u2122 : R\u00e9veillez vos yeux<\/strong><\/p>\n<p>R\u00e9v\u00e9lez des yeux rafra\u00eechis et revitalis\u00e9s avec Caffeine Depuff Complex\u2122, notre traitement sp\u00e9cialis\u00e9 formul\u00e9 pour combattre les signes les plus persistants de la fatigue et du vieillissement des yeux.<\/p>\n<p>Cette solution oculaire puissante contient une forte concentration de <strong>caf\u00e9ine pure (3%)<\/strong> qui agit imm\u00e9diatement pour r\u00e9duire les poches en resserrant les vaisseaux sanguins et en drainant l'exc\u00e8s de liquide \u00e0 l'origine des poches. <strong>Liftonin\u00ae-Express (3%), un complexe peptidique d\u00e9riv\u00e9 d'algues, cr\u00e9e un effet tenseur instantan\u00e9 visible en 30 minutes tout en favorisant la fermet\u00e9 \u00e0 long terme.<\/strong> Notre formule unique s'attaque aux deux causes principales des probl\u00e8mes sous les yeux - la r\u00e9tention de liquide et l'accumulation de sang - pour des r\u00e9sultats complets que vous pouvez voir et ressentir.<\/p>\n<p>Les cernes sont trait\u00e9s avec notre m\u00e9lange de <strong>niacinamide<\/strong> , qui \u00e9claircit la zone sous les yeux tout en renfor\u00e7ant la barri\u00e8re cutan\u00e9e d\u00e9licate. L'ajout d'huile de graines de rose musqu\u00e9e de premi\u00e8re qualit\u00e9 fournit des acides gras essentiels et des antioxydants qui am\u00e9liorent la texture de la peau et procurent une hydratation durable sans lourdeur.<\/p>\n<p>Nous avons am\u00e9lior\u00e9 cette formule avec <strong>Extrait d'euphraise (4%) \u2018Eyebright\u2019 - une plante utilis\u00e9e traditionnellement depuis des si\u00e8cles pour les yeux fatigu\u00e9s - qui apaise et calme la peau r\u00e9active,<\/strong> aux c\u00f4t\u00e9s du macadamiate de phytost\u00e9rol, un ingr\u00e9dient d'origine v\u00e9g\u00e9tale qui imite les lipides naturels de la peau pour redonner fermet\u00e9 et \u00e9lasticit\u00e9 au contour de l'\u0153il. L'extrait de camomille apaisant calme les irritations et r\u00e9duit les rougeurs, ce qui rend le Caffeine Depuff Complex\u2122 adapt\u00e9 m\u00eame aux yeux sensibles.<\/p>\n<p>Qu'il s'agisse de poches matinales occasionnelles, de cernes chroniques ou des effets des soir\u00e9es prolong\u00e9es et du temps pass\u00e9 devant un \u00e9cran, ce traitement apporte un soulagement imm\u00e9diat tout en procurant des bienfaits \u00e0 long terme. Sa texture l\u00e9g\u00e8re s'absorbe rapidement sans laisser de r\u00e9sidus, ce qui le rend parfait pour une utilisation matin et soir, et m\u00eame sous le maquillage.<\/p>","protected":false},"excerpt":{"rendered":"<p>R\u00e9veillez-vous <span class=\"hljs-selector-tag\">\u00e0<\/span> des yeux rafra\u00eechis et revitalis\u00e9s. Notre formule haute performance combine la caf\u00e9ine (<span class=\"hljs-number\">3%<\/span>) <span class=\"hljs-selector-tag\">\u00e0<\/span> Liftonin\u00ae-Express (<span class=\"hljs-number\">3%<\/span>) pour un raffermissement instantan\u00e9, et le niacinamide <span class=\"hljs-selector-tag\">\u00e0<\/span> \u00e9claircir les cernes\u2014<span class=\"hljs-attribute\">tout<\/span> en <span class=\"hljs-selector-tag\">a<\/span> Traitement doux, sans parfum et sans danger pour les peaux sensibles. R\u00e9sultats visibles en <span class=\"hljs-number\">30<\/span> minutes.<\/p>\n<div style=\"background: #ffffff; border-top: 1px solid #1a1a1a; border-bottom: 0px solid #1a1a1a; padding: 24px 20px; margin: 16px 0 20px; text-align: center;\">\n<div style=\"font-size: 0.58rem; letter-spacing: 0.25em; color: #444444; text-transform: uppercase; margin-bottom: 12px;\">Annonce du laur\u00e9at en mai<\/div>\n<h4 style=\"font-size: 0.9rem; letter-spacing: 0.18em; text-transform: uppercase; color: #1a1a1a; font-weight: bold; margin: 0 0 12px;\">Nominations aux Dutch Beauty Awards 2025\/26<\/h4>\n<div style=\"width: 30px; height: 1px; background: #e91e8c; margin: 0 auto 12px;\"><\/div>\n<p>&nbsp;<\/p>\n<\/div>","protected":false},"featured_media":5429,"comment_status":"closed","ping_status":"closed","template":"","meta":{"_acf_changed":false},"product_brand":[26],"product_cat":[20201,20202],"product_tag":[],"class_list":{"0":"post-297","1":"product","2":"type-product","3":"status-publish","4":"has-post-thumbnail","6":"product_brand-junita","7":"product_cat-age-defy-firm-confidence","8":"product_cat-repair-sleep-eye-awaken","10":"first","11":"instock","12":"taxable","13":"shipping-taxable","14":"purchasable","15":"product-type-simple"},"bundled_by":["995","4089","4181"],"bundle_stock_status":"instock","bundle_stock_quantity":45,"bundle_virtual":false,"bundle_layout":"","bundle_add_to_cart_form_location":"","bundle_editable_in_cart":false,"bundle_sold_individually_context":"","bundle_item_grouping":"","bundle_min_size":"","bundle_max_size":"","bundle_price":[],"bundled_items":[],"bundle_sell_ids":[],"acf":[],"jetpack_sharing_enabled":true,"_links":{"self":[{"href":"https:\/\/junitaskincare.com\/fr\/wp-json\/wp\/v2\/product\/297","targetHints":{"allow":["GET"]}}],"collection":[{"href":"https:\/\/junitaskincare.com\/fr\/wp-json\/wp\/v2\/product"}],"about":[{"href":"https:\/\/junitaskincare.com\/fr\/wp-json\/wp\/v2\/types\/product"}],"replies":[{"embeddable":true,"href":"https:\/\/junitaskincare.com\/fr\/wp-json\/wp\/v2\/comments?post=297"}],"version-history":[{"count":42,"href":"https:\/\/junitaskincare.com\/fr\/wp-json\/wp\/v2\/product\/297\/revisions"}],"predecessor-version":[{"id":5779,"href":"https:\/\/junitaskincare.com\/fr\/wp-json\/wp\/v2\/product\/297\/revisions\/5779"}],"wp:featuredmedia":[{"embeddable":true,"href":"https:\/\/junitaskincare.com\/fr\/wp-json\/wp\/v2\/media\/5429"}],"wp:attachment":[{"href":"https:\/\/junitaskincare.com\/fr\/wp-json\/wp\/v2\/media?parent=297"}],"wp:term":[{"taxonomy":"product_brand","embeddable":true,"href":"https:\/\/junitaskincare.com\/fr\/wp-json\/wp\/v2\/product_brand?post=297"},{"taxonomy":"product_cat","embeddable":true,"href":"https:\/\/junitaskincare.com\/fr\/wp-json\/wp\/v2\/product_cat?post=297"},{"taxonomy":"product_tag","embeddable":true,"href":"https:\/\/junitaskincare.com\/fr\/wp-json\/wp\/v2\/product_tag?post=297"}],"curies":[{"name":"wp","href":"https:\/\/api.w.org\/{rel}","templated":true}]}}