{"id":109,"date":"2025-08-25T16:13:02","date_gmt":"2025-08-25T16:13:02","guid":{"rendered":"https:\/\/junitaskincare.com\/?post_type=product&#038;p=109"},"modified":"2026-04-09T10:43:33","modified_gmt":"2026-04-09T10:43:33","slug":"nocturne","status":"publish","type":"product","link":"https:\/\/junitaskincare.com\/fr\/product\/nocturnaid\/","title":{"rendered":"Nocturnaid\u2122"},"content":{"rendered":"<h3>Nocturnaid\u2122 Cr\u00e8me r\u00e9paratrice de nuit<\/h3>\n<p>Con\u00e7u pour nourrir en profondeur, apporter des bienfaits anti-\u00e2ge et des effets apaisants pendant que les processus naturels de r\u00e9paration de la peau sont les plus actifs pendant le sommeil.<\/p>\n<p><strong>Apaise les irritations et les rougeurs l\u00e9g\u00e8res<\/strong><\/p>\n<p>Les propri\u00e9t\u00e9s apaisantes de l'eau de lavande, de l'huile d'encens et de l'allanto\u00efne en font un produit calmant qui aide \u00e0 r\u00e9duire les rougeurs et la sensibilit\u00e9, ce qui est particuli\u00e8rement important pour les peaux expos\u00e9es aux facteurs de stress quotidiens.<\/p>\n<p><strong>Cible les signes de vieillissement<\/strong><\/p>\n<p>Ce produit cible directement les ridules, les rides et la perte de fermet\u00e9 gr\u00e2ce \u00e0 sa puissante concentration en t\u00e9trapeptide-21. Il est id\u00e9al pour les personnes \u00e0 la recherche d'un produit r\u00e9parateur puissant pour la nuit.<\/p>\n<p><strong>Nourrit les peaux s\u00e8ches et d\u00e9shydrat\u00e9es<\/strong><\/p>\n<p>Le riche m\u00e9lange d'huiles nourrissantes (graines de pavot, onagre), de beurres et d'humectants procure une hydratation intense et durable et aide \u00e0 r\u00e9parer une barri\u00e8re d'hydratation compromise.<\/p>\n<p><strong>Revitalise la peau terne ou fatigu\u00e9e<\/strong><\/p>\n<p>La cr\u00e8me agit sur les rythmes circadiens naturels de la peau pour rajeunir et revitaliser le teint, favorisant une apparence plus repos\u00e9e, radieuse et lisse d\u00e8s le matin.<\/p>","protected":false},"excerpt":{"rendered":"<p>Cr\u00e8me r\u00e9paratrice de nuit avanc\u00e9e qui nourrit en profondeur et apporte des bienfaits anti-\u00e2ge pendant le sommeil. Formul\u00e9e avec du t\u00e9trapeptide-21, de l'eau de lavande et des huiles nourrissantes pour cibler les ridules, att\u00e9nuer les rougeurs et revitaliser la peau fatigu\u00e9e d\u00e8s le matin.<\/p>","protected":false},"featured_media":1160,"comment_status":"closed","ping_status":"closed","template":"","meta":{"_acf_changed":false},"product_brand":[26],"product_cat":[20202,35,31],"product_tag":[],"class_list":{"0":"post-109","1":"product","2":"type-product","3":"status-publish","4":"has-post-thumbnail","6":"product_brand-junita","7":"product_cat-repair-sleep-eye-awaken","8":"product_cat-psoriasis-eczema-dry","9":"product_cat-rosacea","11":"first","12":"instock","13":"featured","14":"taxable","15":"shipping-taxable","16":"purchasable","17":"product-type-simple"},"bundled_by":["995","4089","4181"],"bundle_stock_status":"instock","bundle_stock_quantity":29,"bundle_virtual":false,"bundle_layout":"","bundle_add_to_cart_form_location":"","bundle_editable_in_cart":false,"bundle_sold_individually_context":"","bundle_item_grouping":"","bundle_min_size":"","bundle_max_size":"","bundle_price":[],"bundled_items":[],"bundle_sell_ids":[],"acf":[],"jetpack_sharing_enabled":true,"_links":{"self":[{"href":"https:\/\/junitaskincare.com\/fr\/wp-json\/wp\/v2\/product\/109","targetHints":{"allow":["GET"]}}],"collection":[{"href":"https:\/\/junitaskincare.com\/fr\/wp-json\/wp\/v2\/product"}],"about":[{"href":"https:\/\/junitaskincare.com\/fr\/wp-json\/wp\/v2\/types\/product"}],"replies":[{"embeddable":true,"href":"https:\/\/junitaskincare.com\/fr\/wp-json\/wp\/v2\/comments?post=109"}],"version-history":[{"count":15,"href":"https:\/\/junitaskincare.com\/fr\/wp-json\/wp\/v2\/product\/109\/revisions"}],"predecessor-version":[{"id":4420,"href":"https:\/\/junitaskincare.com\/fr\/wp-json\/wp\/v2\/product\/109\/revisions\/4420"}],"wp:featuredmedia":[{"embeddable":true,"href":"https:\/\/junitaskincare.com\/fr\/wp-json\/wp\/v2\/media\/1160"}],"wp:attachment":[{"href":"https:\/\/junitaskincare.com\/fr\/wp-json\/wp\/v2\/media?parent=109"}],"wp:term":[{"taxonomy":"product_brand","embeddable":true,"href":"https:\/\/junitaskincare.com\/fr\/wp-json\/wp\/v2\/product_brand?post=109"},{"taxonomy":"product_cat","embeddable":true,"href":"https:\/\/junitaskincare.com\/fr\/wp-json\/wp\/v2\/product_cat?post=109"},{"taxonomy":"product_tag","embeddable":true,"href":"https:\/\/junitaskincare.com\/fr\/wp-json\/wp\/v2\/product_tag?post=109"}],"curies":[{"name":"wp","href":"https:\/\/api.w.org\/{rel}","templated":true}]}}