{"id":512,"date":"2025-09-04T08:51:48","date_gmt":"2025-09-04T08:51:48","guid":{"rendered":"https:\/\/junitaskincare.com\/?post_type=product&#038;p=512"},"modified":"2026-04-09T10:43:33","modified_gmt":"2026-04-09T10:43:33","slug":"bakuc-30","status":"publish","type":"product","link":"https:\/\/junitaskincare.com\/de\/product\/bakuc-30\/","title":{"rendered":"Bakuchigen Serum\u2122"},"content":{"rendered":"<p><strong>Bakuchigen Serum\u2122: Die Antwort der Natur auf Retinol f\u00fcr alle Hauttypen<\/strong><\/p>\n<p>Entdecken Sie die transformative Kraft von Bakuchigen Serum\u2122, unserer bahnbrechenden Anti-Aging-Formel, die speziell f\u00fcr diejenigen entwickelt wurde, die sich effektive Ergebnisse w\u00fcnschen, ohne die Irritationen, die h\u00e4ufig mit herk\u00f6mmlichen Retinolprodukten verbunden sind.<\/p>\n<p>Das Herzst\u00fcck dieses innovativen Serums ist unser firmeneigener Bakuchiol-Vitamin C-Ferulas\u00e4ure-Komplex, eine wissenschaftlich formulierte Mischung, die bemerkenswerte Anti-Aging-Effekte bietet und dabei selbst f\u00fcr die empfindlichste Haut schonend ist. Bakuchiol, die Retinol-Alternative der Natur, reduziert sichtbar feine Linien und F\u00e4ltchen und verbessert die Elastizit\u00e4t und Festigkeit der Haut, ohne die typischen R\u00f6tungen oder Schuppen zu verursachen.<\/p>\n<p>Dieses Multitasking-Serum k\u00fcmmert sich um mehrere Hautprobleme gleichzeitig. Die hochwirksame antioxidative Kombination aus Vitamin C und Ferulas\u00e4ure hellt einen fahlen Teint auf und gleicht den Hautton aus, w\u00e4hrend sie gleichzeitig einen wichtigen Schutz vor Umweltbelastungen und Sch\u00e4den durch freie Radikale bietet. Luxuri\u00f6ses Wasser aus der Bl\u00fcte der Rose Damascena lindert Irritationen und beruhigt reaktive Haut, w\u00e4hrend n\u00e4hrstoffreiches Hagebuttenkern\u00f6l tiefenwirksam Feuchtigkeit spendet und zus\u00e4tzliche Anti-Aging-Effekte bietet.<\/p>\n<p>Bakuchigen Serum\u2122 ist mit Hyalurons\u00e4ure formuliert, um Austrocknung und Trockenheit zu bek\u00e4mpfen und Ihre Haut prall, strahlend und jugendlich zu machen. Unsere mit Peptiden angereicherte Formel unterst\u00fctzt die Kollagenproduktion f\u00fcr eine verbesserte Hautstruktur und langfristige Elastizit\u00e4t.<\/p>\n<p>Das Bakuchigen Serum\u2122 ist perfekt f\u00fcr alle, die neu in die Anti-Aging-Pflege einsteigen oder deren Haut herk\u00f6mmliche Retinolprodukte nicht vertr\u00e4gt, und bietet eine kompromisslose L\u00f6sung f\u00fcr die Probleme der Hautalterung. Erleben Sie den Unterschied einer wirksamen Anti-Aging-Pflege, die im Einklang mit den nat\u00fcrlichen Prozessen Ihrer Haut arbeitet.<\/p>","protected":false},"excerpt":{"rendered":"<p>Bakuchigen Serum\u2122 ist eine sanfte und dennoch wirkungsvolle Anti-Aging-L\u00f6sung mit Bakuchiol, der Retinol-Alternative der Natur. Diese Multi-Tasking-Formel hellt den Hautton auf, reduziert feine Linien und bietet antioxidativen Schutz ohne Irritationen. Angereichert mit Vitamin C, Ferulas\u00e4ure und Hagebutten\u00f6l spendet sie Feuchtigkeit und bek\u00e4mpft gleichzeitig sichtbare Zeichen der Hautalterung - perfekt f\u00fcr empfindliche Haut, die effektive Ergebnisse erzielen m\u00f6chte.<\/p>","protected":false},"featured_media":1162,"comment_status":"closed","ping_status":"closed","template":"","meta":{"_acf_changed":false},"product_brand":[26],"product_cat":[20201,30,20200,31],"product_tag":[],"class_list":{"0":"post-512","1":"product","2":"type-product","3":"status-publish","4":"has-post-thumbnail","6":"product_brand-junita","7":"product_cat-age-defy-firm-confidence","8":"product_cat-hormonal-skin","9":"product_cat-purity-shield-skin-clarity","10":"product_cat-rosacea","12":"first","13":"instock","14":"featured","15":"taxable","16":"shipping-taxable","17":"purchasable","18":"product-type-simple"},"bundled_by":["4089","4181"],"bundle_stock_status":"instock","bundle_stock_quantity":28,"bundle_virtual":false,"bundle_layout":"","bundle_add_to_cart_form_location":"","bundle_editable_in_cart":false,"bundle_sold_individually_context":"","bundle_item_grouping":"","bundle_min_size":"","bundle_max_size":"","bundle_price":[],"bundled_items":[],"bundle_sell_ids":[],"acf":[],"jetpack_sharing_enabled":true,"_links":{"self":[{"href":"https:\/\/junitaskincare.com\/de\/wp-json\/wp\/v2\/product\/512","targetHints":{"allow":["GET"]}}],"collection":[{"href":"https:\/\/junitaskincare.com\/de\/wp-json\/wp\/v2\/product"}],"about":[{"href":"https:\/\/junitaskincare.com\/de\/wp-json\/wp\/v2\/types\/product"}],"replies":[{"embeddable":true,"href":"https:\/\/junitaskincare.com\/de\/wp-json\/wp\/v2\/comments?post=512"}],"version-history":[{"count":9,"href":"https:\/\/junitaskincare.com\/de\/wp-json\/wp\/v2\/product\/512\/revisions"}],"predecessor-version":[{"id":4319,"href":"https:\/\/junitaskincare.com\/de\/wp-json\/wp\/v2\/product\/512\/revisions\/4319"}],"wp:featuredmedia":[{"embeddable":true,"href":"https:\/\/junitaskincare.com\/de\/wp-json\/wp\/v2\/media\/1162"}],"wp:attachment":[{"href":"https:\/\/junitaskincare.com\/de\/wp-json\/wp\/v2\/media?parent=512"}],"wp:term":[{"taxonomy":"product_brand","embeddable":true,"href":"https:\/\/junitaskincare.com\/de\/wp-json\/wp\/v2\/product_brand?post=512"},{"taxonomy":"product_cat","embeddable":true,"href":"https:\/\/junitaskincare.com\/de\/wp-json\/wp\/v2\/product_cat?post=512"},{"taxonomy":"product_tag","embeddable":true,"href":"https:\/\/junitaskincare.com\/de\/wp-json\/wp\/v2\/product_tag?post=512"}],"curies":[{"name":"wp","href":"https:\/\/api.w.org\/{rel}","templated":true}]}}