{"id":297,"date":"2025-08-27T07:58:22","date_gmt":"2025-08-27T07:58:22","guid":{"rendered":"https:\/\/junitaskincare.com\/?post_type=product&#038;p=297"},"modified":"2026-04-24T13:07:56","modified_gmt":"2026-04-24T13:07:56","slug":"koffein-depuff-komplex","status":"publish","type":"product","link":"https:\/\/junitaskincare.com\/de\/product\/caffeine-depuff-complex\/","title":{"rendered":"Koffein-Depuff-Komplex\u2122"},"content":{"rendered":"<p><strong>Koffein-Depuff-Komplex\u2122: Wecken Sie Ihre Augen auf<\/strong><\/p>\n<p>Mit Caffeine Depuff Complex\u2122, unserer Spezialbehandlung zur Bek\u00e4mpfung der hartn\u00e4ckigsten Anzeichen von Augenm\u00fcdigkeit und -alterung, erhalten Sie erfrischte, revitalisierte Augen.<\/p>\n<p>Diese leistungsstarke Augenl\u00f6sung enth\u00e4lt eine hohe Konzentration an <strong>reines Koffein (3%)<\/strong> das wirkt sofort, um Schwellungen zu reduzieren, indem es die Blutgef\u00e4\u00dfe verengt und \u00fcbersch\u00fcssige Fl\u00fcssigkeit ableitet, die Tr\u00e4nens\u00e4cke verursacht. <strong>Liftonin\u00ae-Express (3%), ein aus Algen gewonnener Peptidkomplex, sorgt f\u00fcr einen sofortigen Straffungseffekt, der innerhalb von 30 Minuten sichtbar ist, und unterst\u00fctzt die langfristige Festigkeit.<\/strong> Unsere einzigartige Formel bek\u00e4mpft beide Hauptursachen f\u00fcr Probleme unter den Augen - Fl\u00fcssigkeitsansammlungen und Blutstauungen - f\u00fcr umfassende Ergebnisse, die Sie sehen und f\u00fchlen k\u00f6nnen.<\/p>\n<p>Dunkle Augenringe werden mit unserer Mischung aus <strong>Niacinamid<\/strong> , die die Augenpartie aufhellt und gleichzeitig die empfindliche Hautbarriere st\u00e4rkt. Der Zusatz von hochwertigem Hagebuttenkern\u00f6l liefert essentielle Fetts\u00e4uren und Antioxidantien, die das Hautbild verbessern und der Haut lang anhaltende Feuchtigkeit spenden, ohne sie zu beschweren.<\/p>\n<p>Wir haben diese Formel erweitert um <strong>Euphrasia-Extrakt (4%) \u2018Augentrost\u2019 - ein pflanzlicher Stoff, der seit Jahrhunderten traditionell bei m\u00fcden Augen verwendet wird und die reaktive Haut beruhigt,<\/strong> zusammen mit Phytosteryl Macadamiate, einem pflanzlichen Wirkstoff, der die nat\u00fcrlichen Lipide der Haut nachahmt, um die Festigkeit und Elastizit\u00e4t der Augenkontur wiederherzustellen. Beruhigender Kamillenextrakt wirkt reizlindernd und mindert R\u00f6tungen, sodass der Caffeine Depuff Complex\u2122 auch f\u00fcr empfindliche Augen geeignet ist.<\/p>\n<p>Ganz gleich, ob Sie mit gelegentlichen Schwellungen am Morgen, chronischen Augenringen oder den Auswirkungen von langen N\u00e4chten und Bildschirmarbeit zu k\u00e4mpfen haben, diese Behandlung verschafft Ihnen sofortige Linderung und bietet gleichzeitig langfristige Vorteile. Die leichte Textur zieht schnell und r\u00fcckstandslos ein und eignet sich daher perfekt f\u00fcr die Anwendung am Morgen und am Abend und sogar unter dem Make-up.<\/p>","protected":false},"excerpt":{"rendered":"<p>Aufwachen <span class=\"hljs-selector-tag\">zu<\/span> erfrischte, revitalisierte Augen. Unsere Hochleistungsformel kombiniert Koffein (<span class=\"hljs-number\">3%<\/span>) <span class=\"hljs-selector-tag\">zu<\/span> Schwellungen reduzieren, Liftonin\u00ae-Express (<span class=\"hljs-number\">3%<\/span>) f\u00fcr sofortige Straffung und Niacinamid <span class=\"hljs-selector-tag\">zu<\/span> dunkle Ringe aufhellen\u2014<span class=\"hljs-attribute\">alle<\/span> in <span class=\"hljs-selector-tag\">a<\/span> sanfte, parf\u00fcmfreie Behandlung, sicher f\u00fcr empfindliche Haut. Sichtbare Ergebnisse in <span class=\"hljs-number\">30<\/span> Minuten.<\/p>\n<div style=\"background: #ffffff; border-top: 1px solid #1a1a1a; border-bottom: 0px solid #1a1a1a; padding: 24px 20px; margin: 16px 0 20px; text-align: center;\">\n<div style=\"font-size: 0.58rem; letter-spacing: 0.25em; color: #444444; text-transform: uppercase; margin-bottom: 12px;\">Bekanntgabe des Gewinners im Mai<\/div>\n<h4 style=\"font-size: 0.9rem; letter-spacing: 0.18em; text-transform: uppercase; color: #1a1a1a; font-weight: bold; margin: 0 0 12px;\">Nominiert f\u00fcr die Dutch Beauty Awards 2025\/26<\/h4>\n<div style=\"width: 30px; height: 1px; background: #e91e8c; margin: 0 auto 12px;\"><\/div>\n<p>&nbsp;<\/p>\n<\/div>","protected":false},"featured_media":5429,"comment_status":"closed","ping_status":"closed","template":"","meta":{"_acf_changed":false},"product_brand":[26],"product_cat":[20201,20202],"product_tag":[],"class_list":{"0":"post-297","1":"product","2":"type-product","3":"status-publish","4":"has-post-thumbnail","6":"product_brand-junita","7":"product_cat-age-defy-firm-confidence","8":"product_cat-repair-sleep-eye-awaken","10":"first","11":"instock","12":"taxable","13":"shipping-taxable","14":"purchasable","15":"product-type-simple"},"bundled_by":["995","4089","4181"],"bundle_stock_status":"instock","bundle_stock_quantity":45,"bundle_virtual":false,"bundle_layout":"","bundle_add_to_cart_form_location":"","bundle_editable_in_cart":false,"bundle_sold_individually_context":"","bundle_item_grouping":"","bundle_min_size":"","bundle_max_size":"","bundle_price":[],"bundled_items":[],"bundle_sell_ids":[],"acf":[],"jetpack_sharing_enabled":true,"_links":{"self":[{"href":"https:\/\/junitaskincare.com\/de\/wp-json\/wp\/v2\/product\/297","targetHints":{"allow":["GET"]}}],"collection":[{"href":"https:\/\/junitaskincare.com\/de\/wp-json\/wp\/v2\/product"}],"about":[{"href":"https:\/\/junitaskincare.com\/de\/wp-json\/wp\/v2\/types\/product"}],"replies":[{"embeddable":true,"href":"https:\/\/junitaskincare.com\/de\/wp-json\/wp\/v2\/comments?post=297"}],"version-history":[{"count":42,"href":"https:\/\/junitaskincare.com\/de\/wp-json\/wp\/v2\/product\/297\/revisions"}],"predecessor-version":[{"id":5779,"href":"https:\/\/junitaskincare.com\/de\/wp-json\/wp\/v2\/product\/297\/revisions\/5779"}],"wp:featuredmedia":[{"embeddable":true,"href":"https:\/\/junitaskincare.com\/de\/wp-json\/wp\/v2\/media\/5429"}],"wp:attachment":[{"href":"https:\/\/junitaskincare.com\/de\/wp-json\/wp\/v2\/media?parent=297"}],"wp:term":[{"taxonomy":"product_brand","embeddable":true,"href":"https:\/\/junitaskincare.com\/de\/wp-json\/wp\/v2\/product_brand?post=297"},{"taxonomy":"product_cat","embeddable":true,"href":"https:\/\/junitaskincare.com\/de\/wp-json\/wp\/v2\/product_cat?post=297"},{"taxonomy":"product_tag","embeddable":true,"href":"https:\/\/junitaskincare.com\/de\/wp-json\/wp\/v2\/product_tag?post=297"}],"curies":[{"name":"wp","href":"https:\/\/api.w.org\/{rel}","templated":true}]}}