{"id":162,"date":"2025-08-26T06:01:35","date_gmt":"2025-08-26T06:01:35","guid":{"rendered":"https:\/\/junitaskincare.com\/?post_type=product&#038;p=162"},"modified":"2026-04-09T11:43:41","modified_gmt":"2026-04-09T11:43:41","slug":"sachbezogen","status":"publish","type":"product","link":"https:\/\/junitaskincare.com\/de\/product\/sachactive\/","title":{"rendered":"Sachactive\u2122 Tagescreme"},"content":{"rendered":"<h3><strong>Die ultimative Balance: \u00d6lkontrolle trifft auf Anti-Aging-Innovation<\/strong><\/h3>\n<p>Die Junita\u00ae Sachactive\u2122 Day Cream stellt einen Durchbruch in der Hautpflege dar - eine hochentwickelte Formel, die die L\u00fccke zwischen Aknebehandlung und Anti-Aging-Pflege schlie\u00dft. Diese innovative Creme geht auf die besonderen Herausforderungen ein, mit denen Menschen mit fettiger Haut oder Mischhaut konfrontiert sind, die sich auch Sorgen um sichtbare Zeichen der Hautalterung machen.<\/p>\n<p>Das Herzst\u00fcck unserer Formel ist eine klinische 2%-Salicyls\u00e4urekonzentration, die tief in den Poren wirkt, um \u00fcbersch\u00fcssiges \u00d6l aufzul\u00f6sen und Unreinheiten zu beseitigen, die zu Ausbr\u00fcchen f\u00fchren. Diese leistungsstarke BHA sorgt f\u00fcr ein sanftes Peeling, das die Hautstruktur und -klarheit verbessert und gleichzeitig das Erscheinungsbild vergr\u00f6\u00dferter Poren reduziert.<\/p>\n<h3><strong>Fortschrittliche altershemmende Technologie<\/strong><\/h3>\n<p>Was Sachactive\u2122 wirklich von anderen Produkten unterscheidet, ist das enthaltene Acetyl Hexapeptide-8, ein fortschrittliches Peptid, das Mimikfalten bek\u00e4mpft, indem es die Muskelkontraktionen im Gesicht vor\u00fcbergehend entspannt - besonders wirksam bei Stirnfalten, Kr\u00e4henf\u00fc\u00dfen und Nasolabialfalten. Dieses Peptid wirkt in Harmonie mit unserem firmeneigenen Hyalurons\u00e4urekomplex, der \u00f6lfreie Feuchtigkeit auf mehreren Hautschichten spendet, ohne die Poren zu verstopfen.<\/p>\n<p>Wir haben diese leistungsstarke Basis mit Sacha-Inchi-\u00d6l angereichert - einem bemerkenswerten Inhaltsstoff, der reich an Omega-3-Fetts\u00e4uren und Antioxidantien ist und die Hautbarriere st\u00e4rkt, ohne einen fettigen R\u00fcckstand zu hinterlassen. Unser stabilisiertes Vitamin C hellt den Hautton auf und gleicht ihn aus, w\u00e4hrend Granatapfel- und Gr\u00fcntee-Extrakte einen starken antioxidativen Schutz gegen aggressive Umwelteinfl\u00fcsse bieten, die die Hautalterung beschleunigen.<\/p>\n<h3><strong>Ausgewogene Pflege f\u00fcr komplexe Hautbed\u00fcrfnisse<\/strong><\/h3>\n<p>Im Gegensatz zu herk\u00f6mmlichen \u00d6lkontrollprodukten, die die Haut spannen und austrocknen, oder zu herk\u00f6mmlichen Anti-Aging-Cremes, die sich schwer anf\u00fchlen und die Poren verstopfen, zeichnet sich die Sachactive\u2122 Day Cream durch eine innovative, leichte Gel-Creme-Textur aus, die sofort einzieht und ein glattes, mattes Finish hinterl\u00e4sst, das sich ideal zum Auftragen von Make-up eignet.<\/p>\n<p>Diese Multitasking-Formel ist perfekt f\u00fcr:<\/p>\n<ul>\n<li>Erwachsene, die sowohl unter Ausbr\u00fcchen als auch unter Alterserscheinungen leiden<\/li>\n<li>Menschen mit Mischhaut, die eine ausgewogene Pflege suchen<\/li>\n<li>Fettige Hauttypen, die sich Sorgen \u00fcber zuk\u00fcnftige Alterung machen<\/li>\n<li>Alle, die ihre Hautpflegeroutine vereinfachen m\u00f6chten, ohne Kompromisse bei den Ergebnissen einzugehen<\/li>\n<\/ul>\n<p>Erleben Sie die transformative Kraft der Junita\u00ae Sachactive\u2122 Tagescreme - hier trifft fortschrittliche \u00d6lkontrolle auf ausgefeilte Anti-Aging-Pflege f\u00fcr klare, strahlende und jugendlich-elastische Haut, Tag f\u00fcr Tag.<\/p>","protected":false},"excerpt":{"rendered":"<p>Eine revolution\u00e4re Tagescreme mit doppelter Wirkung, die 2% Salicyls\u00e4ure mit Acetyl Hexapeptide-8 kombiniert, um effektiv \u00d6l zu kontrollieren und Ausbr\u00fcche zu behandeln, w\u00e4hrend sie gleichzeitig feine Linien und F\u00e4ltchen bek\u00e4mpft - perfekt f\u00fcr reife Haut oder Mischhaut, die Klarheit und jugendliche Ausstrahlung ohne Schweregef\u00fchl sucht.<\/p>","protected":false},"featured_media":1159,"comment_status":"closed","ping_status":"closed","template":"","meta":{"_acf_changed":false},"product_brand":[26],"product_cat":[20200,30,31],"product_tag":[],"class_list":{"0":"post-162","1":"product","2":"type-product","3":"status-publish","4":"has-post-thumbnail","6":"product_brand-junita","7":"product_cat-purity-shield-skin-clarity","8":"product_cat-hormonal-skin","9":"product_cat-rosacea","11":"first","12":"instock","13":"featured","14":"taxable","15":"shipping-taxable","16":"purchasable","17":"product-type-simple"},"bundled_by":["4089"],"bundle_stock_status":"instock","bundle_stock_quantity":3,"bundle_virtual":false,"bundle_layout":"","bundle_add_to_cart_form_location":"","bundle_editable_in_cart":false,"bundle_sold_individually_context":"","bundle_item_grouping":"","bundle_min_size":"","bundle_max_size":"","bundle_price":[],"bundled_items":[],"bundle_sell_ids":[],"acf":[],"jetpack_sharing_enabled":true,"_links":{"self":[{"href":"https:\/\/junitaskincare.com\/de\/wp-json\/wp\/v2\/product\/162","targetHints":{"allow":["GET"]}}],"collection":[{"href":"https:\/\/junitaskincare.com\/de\/wp-json\/wp\/v2\/product"}],"about":[{"href":"https:\/\/junitaskincare.com\/de\/wp-json\/wp\/v2\/types\/product"}],"replies":[{"embeddable":true,"href":"https:\/\/junitaskincare.com\/de\/wp-json\/wp\/v2\/comments?post=162"}],"version-history":[{"count":10,"href":"https:\/\/junitaskincare.com\/de\/wp-json\/wp\/v2\/product\/162\/revisions"}],"predecessor-version":[{"id":352,"href":"https:\/\/junitaskincare.com\/de\/wp-json\/wp\/v2\/product\/162\/revisions\/352"}],"wp:featuredmedia":[{"embeddable":true,"href":"https:\/\/junitaskincare.com\/de\/wp-json\/wp\/v2\/media\/1159"}],"wp:attachment":[{"href":"https:\/\/junitaskincare.com\/de\/wp-json\/wp\/v2\/media?parent=162"}],"wp:term":[{"taxonomy":"product_brand","embeddable":true,"href":"https:\/\/junitaskincare.com\/de\/wp-json\/wp\/v2\/product_brand?post=162"},{"taxonomy":"product_cat","embeddable":true,"href":"https:\/\/junitaskincare.com\/de\/wp-json\/wp\/v2\/product_cat?post=162"},{"taxonomy":"product_tag","embeddable":true,"href":"https:\/\/junitaskincare.com\/de\/wp-json\/wp\/v2\/product_tag?post=162"}],"curies":[{"name":"wp","href":"https:\/\/api.w.org\/{rel}","templated":true}]}}