{"id":109,"date":"2025-08-25T16:13:02","date_gmt":"2025-08-25T16:13:02","guid":{"rendered":"https:\/\/junitaskincare.com\/?post_type=product&#038;p=109"},"modified":"2026-04-09T10:43:33","modified_gmt":"2026-04-09T10:43:33","slug":"nocturnaid","status":"publish","type":"product","link":"https:\/\/junitaskincare.com\/de\/product\/nocturnaid\/","title":{"rendered":"Nocturnaid\u2122"},"content":{"rendered":"<h3>Nocturnaid\u2122 Overnight Repair Cream<\/h3>\n<p>Sie wurde entwickelt, um die Haut tiefgehend zu n\u00e4hren, ihr Anti-Aging-Effekte zu verleihen und sie zu beruhigen, w\u00e4hrend die nat\u00fcrlichen Reparaturprozesse der Haut w\u00e4hrend des Schlafs am aktivsten sind.<\/p>\n<p><strong>Lindert leichte Irritationen und R\u00f6tungen<\/strong><\/p>\n<p>Die beruhigenden Eigenschaften von Lavendelwasser, Weihrauch\u00f6l und Allantoin machen dieses Produkt zu einem beruhigenden Produkt, das hilft, R\u00f6tungen und Empfindlichkeit zu reduzieren, besonders wichtig f\u00fcr Haut, die t\u00e4glichem Stress ausgesetzt ist.<\/p>\n<p><strong>Zielt auf Anzeichen der Alterung<\/strong><\/p>\n<p>Dieses Produkt zielt mit seiner starken Tetrapeptid-21-Konzentration direkt auf feine Linien, Falten und den Verlust der Festigkeit ab. Es ist ideal f\u00fcr Personen, die ein leistungsstarkes Produkt zur Reparatur \u00fcber Nacht suchen.<\/p>\n<p><strong>N\u00e4hrt trockene &amp; dehydrierte Haut<\/strong><\/p>\n<p>Die reichhaltige Mischung aus n\u00e4hrenden \u00d6len (Mohn, Nachtkerze), Butter und Feuchthaltemitteln spendet intensive, lang anhaltende Feuchtigkeit und hilft, die gesch\u00e4digte Feuchtigkeitsbarriere zu reparieren.<\/p>\n<p><strong>Revitalisiert stumpfe oder m\u00fcde Haut<\/strong><\/p>\n<p>Die Creme arbeitet mit den nat\u00fcrlichen zirkadianen Rhythmen der Haut zusammen, um den Teint zu verj\u00fcngen und zu revitalisieren, so dass er am Morgen ausgeruhter, strahlender und glatter aussieht.<\/p>","protected":false},"excerpt":{"rendered":"<p>Hochentwickelte Repair-Creme f\u00fcr die Nacht, die die Haut im Schlaf mit N\u00e4hrstoffen und Anti-Aging-Wirkung versorgt. Die Formel mit Tetrapeptid-21, Lavendelwasser und pflegenden \u00d6len bek\u00e4mpft feine Linien, reduziert R\u00f6tungen und revitalisiert m\u00fcde Haut am Morgen.<\/p>","protected":false},"featured_media":1160,"comment_status":"closed","ping_status":"closed","template":"","meta":{"_acf_changed":false},"product_brand":[26],"product_cat":[20202,35,31],"product_tag":[],"class_list":{"0":"post-109","1":"product","2":"type-product","3":"status-publish","4":"has-post-thumbnail","6":"product_brand-junita","7":"product_cat-repair-sleep-eye-awaken","8":"product_cat-psoriasis-eczema-dry","9":"product_cat-rosacea","11":"first","12":"instock","13":"featured","14":"taxable","15":"shipping-taxable","16":"purchasable","17":"product-type-simple"},"bundled_by":["995","4089","4181"],"bundle_stock_status":"instock","bundle_stock_quantity":29,"bundle_virtual":false,"bundle_layout":"","bundle_add_to_cart_form_location":"","bundle_editable_in_cart":false,"bundle_sold_individually_context":"","bundle_item_grouping":"","bundle_min_size":"","bundle_max_size":"","bundle_price":[],"bundled_items":[],"bundle_sell_ids":[],"acf":[],"jetpack_sharing_enabled":true,"_links":{"self":[{"href":"https:\/\/junitaskincare.com\/de\/wp-json\/wp\/v2\/product\/109","targetHints":{"allow":["GET"]}}],"collection":[{"href":"https:\/\/junitaskincare.com\/de\/wp-json\/wp\/v2\/product"}],"about":[{"href":"https:\/\/junitaskincare.com\/de\/wp-json\/wp\/v2\/types\/product"}],"replies":[{"embeddable":true,"href":"https:\/\/junitaskincare.com\/de\/wp-json\/wp\/v2\/comments?post=109"}],"version-history":[{"count":15,"href":"https:\/\/junitaskincare.com\/de\/wp-json\/wp\/v2\/product\/109\/revisions"}],"predecessor-version":[{"id":4420,"href":"https:\/\/junitaskincare.com\/de\/wp-json\/wp\/v2\/product\/109\/revisions\/4420"}],"wp:featuredmedia":[{"embeddable":true,"href":"https:\/\/junitaskincare.com\/de\/wp-json\/wp\/v2\/media\/1160"}],"wp:attachment":[{"href":"https:\/\/junitaskincare.com\/de\/wp-json\/wp\/v2\/media?parent=109"}],"wp:term":[{"taxonomy":"product_brand","embeddable":true,"href":"https:\/\/junitaskincare.com\/de\/wp-json\/wp\/v2\/product_brand?post=109"},{"taxonomy":"product_cat","embeddable":true,"href":"https:\/\/junitaskincare.com\/de\/wp-json\/wp\/v2\/product_cat?post=109"},{"taxonomy":"product_tag","embeddable":true,"href":"https:\/\/junitaskincare.com\/de\/wp-json\/wp\/v2\/product_tag?post=109"}],"curies":[{"name":"wp","href":"https:\/\/api.w.org\/{rel}","templated":true}]}}