{"id":1132,"date":"2025-09-19T08:32:38","date_gmt":"2025-09-19T08:32:38","guid":{"rendered":"https:\/\/junitaskincare.com\/?page_id=1132"},"modified":"2025-09-27T07:17:17","modified_gmt":"2025-09-27T07:17:17","slug":"junita-skincare-okologisches-engagement","status":"publish","type":"page","link":"https:\/\/junitaskincare.com\/de\/junita-skincare-eco-commitment\/","title":{"rendered":"Junita Skincare \u00d6ko-Engagement"},"content":{"rendered":"<div data-elementor-type=\"wp-page\" data-elementor-id=\"1132\" class=\"elementor elementor-1132\" data-elementor-post-type=\"page\">\n\t\t\t\t<div class=\"elementor-element elementor-element-a49c605 e-flex e-con-boxed e-con e-parent\" data-id=\"a49c605\" data-element_type=\"container\" data-e-type=\"container\">\n\t\t\t\t\t<div class=\"e-con-inner\">\n\t\t\t\t<div class=\"elementor-element elementor-element-c8a8bd4 elementor-widget elementor-widget-text-editor\" data-id=\"c8a8bd4\" data-element_type=\"widget\" data-e-type=\"widget\" data-widget_type=\"text-editor.default\">\n\t\t\t\t\t\t\t\t\t<h1>Die Junita\u00ae Lab-\u00d6ko-Verpflichtung: Wissenschaft und Verantwortungsbewusstsein<\/h1><p>Die Umweltstrategie von Junita\u00ae Lab basiert auf dem Grundsatz, dass echte Premium-Qualit\u00e4t auch Verantwortung f\u00fcr den Planeten bedeutet. Unser Engagement geht \u00fcber einfache \u201cgr\u00fcne\u201d Behauptungen hinaus und konzentriert sich auf messbares, wissenschaftliches Stewardship in drei Schl\u00fcsselbereichen:<\/p><p>\u00a0<\/p><p><span style=\"font-family: mundial, sans-serif; font-size: 38px; text-transform: uppercase;\">1. Nachhaltige Formulierungen und Integrit\u00e4t der Inhaltsstoffe<\/span><\/p><p><strong>Verantwortungsvolle Beschaffung<\/strong><\/p><ul><li>Wissenschaftlich unterst\u00fctzte, hochwertige Inhaltsstoffe<\/li><li>Verpflichtung zur R\u00fcckverfolgbarkeit aller wichtigen Wirkstoffe wie Anti-Aging-Peptide und pflanzliche Extrakte<\/li><li>Nachweis, dass die Zutaten von Lieferanten stammen, die nachhaltige Landwirtschaft, Schutz der biologischen Vielfalt und faire Arbeitsbedingungen praktizieren<\/li><\/ul><p><strong>\u00a0<\/strong><\/p><p><strong>Bewusste Chemie<\/strong><\/p><ul><li>Wissenschaftliche, gepr\u00fcfte und zugelassene Produkte<\/li><li>Konzentration auf biologisch abbaubare Formeln, wo immer m\u00f6glich<\/li><li>Sicherstellen, dass Absp\u00fclprodukte die Auswirkungen auf aquatische \u00d6kosysteme minimieren<\/li><li>Vermeidung von Inhaltsstoffen, die als persistent oder toxisch im Wasser bekannt sind<\/li><li>Beseitigung aller Formen von Mikroplastik<\/li><\/ul><p><strong>\u00a0<\/strong><\/p><p><strong>Inhaltsstoffe der n\u00e4chsten Generation<\/strong><\/p><ul><li>Modernes Gef\u00fchl und Aussehen<\/li><li>Bevorzugung von Inhaltsstoffen aus der gr\u00fcnen Chemie und Biotechnologie (wie Tetrapeptid-21)<\/li><li>Verwendung von Inhaltsstoffen, die im Vergleich zum gro\u00dffl\u00e4chigen Pflanzenanbau weniger nat\u00fcrliche Ressourcen ben\u00f6tigen<\/li><li>Ausrichtung auf ein zukunftsorientiertes Konzept mit geringen Auswirkungen<\/li><\/ul><div>\u00a0<\/div><div>\u00a0<\/div><h2>2. Verpackungseffizienz und Kreislaufwirtschaft<\/h2><p><strong>Wahl des Materials<\/strong><\/p><ul><li>Premium-Verpackungen, Airless-Flaschen<\/li><li>Maximierung der Verwendung von Post-Consumer Recycled (PCR)-Materialien in Verpackungen<\/li><li>Vertrauen auf Airless-Flaschen, die das Engagement f\u00fcr Produktintegrit\u00e4t und die Reduzierung von Oxidation\/Abfall widerspiegeln<\/li><\/ul><p><strong>\u00a0<\/strong><\/p><p><strong>Verkleinerung &amp; Nachf\u00fcllen<\/strong><\/p><ul><li>30ml Schwerpunkt aus Kostengr\u00fcnden; Abonnementmodell<\/li><li>Die Umstellung auf die 30-ml-Gr\u00f6\u00dfe als Schritt zur Materialreduzierung und zum rationalisierten Vertrieb<\/li><li>K\u00fcnftige Pl\u00e4ne zur Wiedereinf\u00fchrung gr\u00f6\u00dferer Gr\u00f6\u00dfen, die an wiederbef\u00fcllbare Systeme oder Konzentrate gebunden sind<\/li><\/ul><p><strong>\u00a0<\/strong><\/p><p><strong>Ende des Lebens<\/strong><\/p><ul><li>Transparenz, wissenschaftlich anerkannt<\/li><li>Eindeutige Kennzeichnung aller Verpackungsbestandteile f\u00fcr die Wiederverwertbarkeit<\/li><li>Bereitstellung von transparenten Anweisungen f\u00fcr die Verbraucher zur ordnungsgem\u00e4\u00dfen Trennung und Entsorgung von Verpackungen<\/li><\/ul><div>\u00a0<\/div><div>\u00a0<\/div><h2>3. Operativer Fu\u00dfabdruck und Transparenz<\/h2><p><strong>Ziel der Kohlenstoffneutralit\u00e4t<\/strong><\/p><ul><li>Wissenschaftlich getestet, genehmigt<\/li><li>Messung des Carbon Footprint in der gesamten Lieferkette<\/li><li>Festlegung von Zielen zur Erreichung der Kohlenstoffneutralit\u00e4t f\u00fcr den Betrieb<\/li><li>M\u00f6gliche Investitionen in erneuerbare Energien f\u00fcr die Produktion oder zertifizierte Kohlenstoffkompensationen<\/li><\/ul><p><strong>\u00a0<\/strong><\/p><p><strong>Partnerschaft in der Lieferkette<\/strong><\/p><ul><li>Zentrale Wurzeln, wissenschaftlich getestet<\/li><li>Ausschlie\u00dfliche Zusammenarbeit mit Produktionspartnern, die sich f\u00fcr Wassereinsparung und Energieeffizienz einsetzen<\/li><li>Sicherstellung der Einhaltung strenger Umweltstandards bei der Produktion<\/li><\/ul><p><strong>\u00a0<\/strong><\/p><p><strong>Offene Kommunikation<\/strong><\/p><ul><li>Transparenz anstreben mit Junita\u00ae<\/li><li>J\u00e4hrlicher Austausch mit den Kunden \u00fcber die Fortschritte im Umweltbereich<\/li><li>Aufbau von Glaubw\u00fcrdigkeit und Vertrauen durch die Darstellung von Erfolgen und Herausforderungen bei der Erf\u00fcllung von Umweltzielen<\/li><\/ul><p><!-- \/wp:paragraph --><\/p>\t\t\t\t\t\t\t\t<\/div>\n\t\t\t\t\t<\/div>\n\t\t\t\t<\/div>\n\t\t\t\t<\/div>","protected":false},"excerpt":{"rendered":"<p>The Junita\u00ae Lab Eco Commitment: Science &amp; Stewardship Junita\u00ae Lab&#8217;s environmental strategy is founded on the principle that true premium quality includes planetary responsibility. Our commitment moves beyond simple &#8220;green&#8221; claims and focuses on measurable, scientific stewardship across three key areas: \u00a0 Sustainable Formulations &amp; Ingredient Integrity Responsible Sourcing Scientifically supported, premium ingredients Commitment to [&hellip;]<\/p>\n","protected":false},"author":270086620,"featured_media":0,"parent":0,"menu_order":0,"comment_status":"closed","ping_status":"closed","template":"","meta":{"_acf_changed":false,"footnotes":""},"class_list":["post-1132","page","type-page","status-publish","hentry"],"acf":[],"jetpack_sharing_enabled":true,"jetpack_shortlink":"https:\/\/wp.me\/PfeGlM-ig","_links":{"self":[{"href":"https:\/\/junitaskincare.com\/de\/wp-json\/wp\/v2\/pages\/1132","targetHints":{"allow":["GET"]}}],"collection":[{"href":"https:\/\/junitaskincare.com\/de\/wp-json\/wp\/v2\/pages"}],"about":[{"href":"https:\/\/junitaskincare.com\/de\/wp-json\/wp\/v2\/types\/page"}],"author":[{"embeddable":true,"href":"https:\/\/junitaskincare.com\/de\/wp-json\/wp\/v2\/users\/270086620"}],"replies":[{"embeddable":true,"href":"https:\/\/junitaskincare.com\/de\/wp-json\/wp\/v2\/comments?post=1132"}],"version-history":[{"count":18,"href":"https:\/\/junitaskincare.com\/de\/wp-json\/wp\/v2\/pages\/1132\/revisions"}],"predecessor-version":[{"id":3122,"href":"https:\/\/junitaskincare.com\/de\/wp-json\/wp\/v2\/pages\/1132\/revisions\/3122"}],"wp:attachment":[{"href":"https:\/\/junitaskincare.com\/de\/wp-json\/wp\/v2\/media?parent=1132"}],"curies":[{"name":"wp","href":"https:\/\/api.w.org\/{rel}","templated":true}]}}